{"id":231353,"date":"2023-06-27T14:30:01","date_gmt":"2023-06-27T14:30:01","guid":{"rendered":"https:\/\/clinicalovin.com\/?page_id=231353"},"modified":"2025-08-21T14:41:47","modified_gmt":"2025-08-21T14:41:47","slug":"capilar","status":"publish","type":"page","link":"https:\/\/clinicalovin.com\/en\/capilar\/","title":{"rendered":"Capilar"},"content":{"rendered":"<p>[et_pb_section fb_built=\u00bb1&#8243; _builder_version=\u00bb4.21.0&#8243; _module_preset=\u00bbdefault\u00bb background_color=\u00bb#DCA427&#8243; use_background_color_gradient=\u00bbon\u00bb background_color_gradient_stops=\u00bb#26576b 0%|rgba(141,198,221,0.26) 19%\u00bb background_image=\u00bbhttps:\/\/clinicalovin.com\/wp-content\/uploads\/2023\/06\/Capilar.jpg\u00bb background_blend=\u00bbsoft-light\u00bb min_height=\u00bb100vh\u00bb locked=\u00bboff\u00bb global_colors_info=\u00bb{}\u00bb][et_pb_row column_structure=\u00bb2_5,3_5&#8243; _builder_version=\u00bb4.21.0&#8243; _module_preset=\u00bbdefault\u00bb custom_margin=\u00bb1px|auto||auto|false|false\u00bb global_colors_info=\u00bb{}\u00bb][et_pb_column type=\u00bb2_5&#8243; _builder_version=\u00bb4.21.0&#8243; _module_preset=\u00bbdefault\u00bb global_colors_info=\u00bb{}\u00bb][\/et_pb_column][et_pb_column type=\u00bb3_5&#8243; _builder_version=\u00bb4.21.0&#8243; _module_preset=\u00bbdefault\u00bb background_color=\u00bbrgba(255,255,255,0.76)\u00bb custom_padding=\u00bb30px|30px|30px|30px|true|true\u00bb custom_css_main_element=\u00bb-webkit-backdrop-filter: blur(10px);||backdrop-filter: blur(10px);\t\u00bb global_colors_info=\u00bb{}\u00bb][et_pb_text _builder_version=\u00bb4.21.0&#8243; text_font=\u00bb|300|||||||\u00bb text_text_color=\u00bb#DCA427&#8243; text_font_size=\u00bb35px\u00bb header_font=\u00bbPoppins|200||on|||||\u00bb header_text_align=\u00bbcenter\u00bb header_text_color=\u00bb#345B6A\u00bb header_2_font=\u00bb|300||on|||||\u00bb header_2_text_align=\u00bbcenter\u00bb header_2_text_color=\u00bb#345B6A\u00bb header_2_font_size=\u00bb40px\u00bb custom_padding=\u00bb||6px\u00bb header_2_font_size_tablet=\u00bb40px\u00bb header_2_font_size_phone=\u00bb32px\u00bb header_2_font_size_last_edited=\u00bbon|phone\u00bb locked=\u00bboff\u00bb global_colors_info=\u00bb{}\u00bb]<\/p>\n<h1 style=\"text-align: left;\"><strong><span class=\"hiddenGrammarError\" onkeypress=\"UPPERCASE_SENTENCE_START---#---undefined---#---Esta frase no empieza con may\u00fascula.---#---Injerto---#---injerto\">Injerto<\/span> capilar en <span class=\"hiddenSpellError\" onkeypress=\"MORFOLOGIK_RULE_ES---#---undefined---#---Se ha encontrado un posible error ortogr\u00e1fico.---#---Almer\u00eda#armer\u00eda#lamer\u00eda#almej\u00eda#calmer\u00eda#jalmer\u00eda---#---almeria\">Almer\u00eda<\/span><\/strong> en Cl\u00ednica Est\u00e9tica Lovin<\/h1>\n<p>[\/et_pb_text][et_pb_text _builder_version=\u00bb4.21.0&#8243; text_font=\u00bb|300|||||||\u00bb text_text_color=\u00bbrgba(0,0,0,0.8)\u00bb text_font_size=\u00bb18px\u00bb header_3_font=\u00bb|300|||||||\u00bb header_3_text_align=\u00bbleft\u00bb header_3_text_color=\u00bb#345B6A\u00bb header_3_font_size=\u00bb30px\u00bb header_3_line_height=\u00bb1.1em\u00bb module_alignment=\u00bbcenter\u00bb locked=\u00bboff\u00bb global_colors_info=\u00bb{}\u00bb]<\/p>\n<p>Hay muchas razones m\u00e9dicas y gen\u00e9ticas para explicar la p\u00e9rdida y el debilitamiento del cabello. Lo cierto es que, tanto hombres como mujeres, enfrentan esta inesperada situaci\u00f3n que, a menudo, les afecta a nivel personal y social. \u00bfEs tu caso? Si es as\u00ed, no tienes por qu\u00e9 asumir la p\u00e9rdida, \u00a1ponle remedio! <strong>Con Cl\u00ednica Est\u00e9tica Lovin dejar\u00e1s atr\u00e1s la alopecia y recuperar\u00e1s la frondosidad de tu cabello gracias a nuestro tratamiento personalizado de trasplante capilar<\/strong>. Somos la mejor opci\u00f3n para el injerto capilar en Almer\u00eda.<\/p>\n<p>Antes de realizar el <em>trasplante<\/em>, nuestros t\u00e9cnicos y <strong>expertos en medicina est\u00e9tica<\/strong> valorar\u00e1n tu situaci\u00f3n para determinar el tratamiento m\u00e1s adecuado.<\/p>\n<p>Cada caso es diferente y como cada persona es un mundo, nos adaptamos a tus necesidades y te damos un diagn\u00f3stico personalizado totalmente gratuito. Existen distintos tipos de cirug\u00edas para <strong>llevar a cabo un injerto capilar en Almer\u00eda<\/strong>\u00a0En cualquier caso, restauraremos tu cuero cabelludo y recuperar\u00e1s la densidad capilar con un resultado totalmente natural.<\/p>\n<p>[\/et_pb_text][et_pb_button button_text=\u00bbPide tu cita\u00bb button_alignment=\u00bbleft\u00bb button_alignment_tablet=\u00bbleft\u00bb button_alignment_phone=\u00bbcenter\u00bb button_alignment_last_edited=\u00bbon|phone\u00bb _builder_version=\u00bb4.21.0&#8243; _module_preset=\u00bbdefault\u00bb custom_button=\u00bbon\u00bb button_text_size=\u00bb18px\u00bb button_text_color=\u00bb#ffffff\u00bb button_bg_color=\u00bb#DCA427&#8243; button_border_width=\u00bb0px\u00bb global_colors_info=\u00bb{}\u00bb button_border_width__hover_enabled=\u00bboff|hover\u00bb button_border_width__hover=\u00bb0px\u00bb button_border_color__hover_enabled=\u00bboff|desktop\u00bb button_border_color__hover=\u00bb#345B6A\u00bb][\/et_pb_button][\/et_pb_column][\/et_pb_row][\/et_pb_section]<\/p>","protected":false},"excerpt":{"rendered":"<p>Injerto capilar en Almer\u00eda en Cl\u00ednica Est\u00e9tica LovinHay muchas razones m\u00e9dicas y gen\u00e9ticas para explicar la p\u00e9rdida y el debilitamiento del cabello. Lo cierto es que, tanto hombres como mujeres, enfrentan esta inesperada situaci\u00f3n que, a menudo, les afecta a nivel personal y social. \u00bfEs tu caso? Si es as\u00ed, no tienes por qu\u00e9 asumir [&hellip;]<\/p>","protected":false},"author":2,"featured_media":0,"parent":0,"menu_order":0,"comment_status":"closed","ping_status":"closed","template":"","meta":{"_et_pb_use_builder":"on","_et_pb_old_content":"","_et_gb_content_width":"","om_disable_all_campaigns":false,"_monsterinsights_skip_tracking":false,"_monsterinsights_sitenote_active":false,"_monsterinsights_sitenote_note":"","_monsterinsights_sitenote_category":0,"_uf_show_specific_survey":0,"_uf_disable_surveys":false,"footnotes":""},"class_list":["post-231353","page","type-page","status-publish","hentry"],"yoast_head":"<!-- This site is optimized with the Yoast SEO plugin v25.7 - https:\/\/yoast.com\/wordpress\/plugins\/seo\/ -->\n<title>\u25b7 Injerto capilar Almer\u00eda - Cl\u00ednica Lovin<\/title>\n<meta name=\"description\" content=\"Especialistas en injerto capilar en Almer\u00eda. Recupera tu cabello con t\u00e9cnicas avanzadas y m\u00ednimamente invasivas. Resultados naturales.\" \/>\n<meta name=\"robots\" content=\"index, follow, max-snippet:-1, max-image-preview:large, max-video-preview:-1\" \/>\n<link rel=\"canonical\" href=\"https:\/\/clinicalovin.com\/en\/capilar\/\" \/>\n<meta property=\"og:locale\" content=\"en_GB\" \/>\n<meta property=\"og:type\" content=\"article\" \/>\n<meta property=\"og:title\" content=\"\u25b7 Injerto capilar Almer\u00eda - Cl\u00ednica Lovin\" \/>\n<meta property=\"og:description\" content=\"Especialistas en injerto capilar en Almer\u00eda. Recupera tu cabello con t\u00e9cnicas avanzadas y m\u00ednimamente invasivas. Resultados naturales.\" \/>\n<meta property=\"og:url\" content=\"https:\/\/clinicalovin.com\/en\/capilar\/\" \/>\n<meta property=\"og:site_name\" content=\"Cl&iacute;nica Lovin\" \/>\n<meta property=\"article:modified_time\" content=\"2025-08-21T14:41:47+00:00\" \/>\n<meta name=\"twitter:card\" content=\"summary_large_image\" \/>\n<meta name=\"twitter:label1\" content=\"Estimated reading time\" \/>\n\t<meta name=\"twitter:data1\" content=\"1 minute\" \/>\n<script type=\"application\/ld+json\" class=\"yoast-schema-graph\">{\"@context\":\"https:\/\/schema.org\",\"@graph\":[{\"@type\":\"WebPage\",\"@id\":\"https:\/\/clinicalovin.com\/capilar\/\",\"url\":\"https:\/\/clinicalovin.com\/capilar\/\",\"name\":\"\u25b7 Injerto capilar Almer\u00eda - Cl\u00ednica Lovin\",\"isPartOf\":{\"@id\":\"https:\/\/clinicalovin.com\/#website\"},\"datePublished\":\"2023-06-27T14:30:01+00:00\",\"dateModified\":\"2025-08-21T14:41:47+00:00\",\"description\":\"Especialistas en injerto capilar en Almer\u00eda. Recupera tu cabello con t\u00e9cnicas avanzadas y m\u00ednimamente invasivas. Resultados naturales.\",\"breadcrumb\":{\"@id\":\"https:\/\/clinicalovin.com\/capilar\/#breadcrumb\"},\"inLanguage\":\"en-GB\",\"potentialAction\":[{\"@type\":\"ReadAction\",\"target\":[\"https:\/\/clinicalovin.com\/capilar\/\"]}]},{\"@type\":\"BreadcrumbList\",\"@id\":\"https:\/\/clinicalovin.com\/capilar\/#breadcrumb\",\"itemListElement\":[{\"@type\":\"ListItem\",\"position\":1,\"name\":\"Portada\",\"item\":\"https:\/\/clinicalovin.com\/\"},{\"@type\":\"ListItem\",\"position\":2,\"name\":\"Capilar\"}]},{\"@type\":\"WebSite\",\"@id\":\"https:\/\/clinicalovin.com\/#website\",\"url\":\"https:\/\/clinicalovin.com\/\",\"name\":\"Cl&iacute;nica Lovin\",\"description\":\"Cl\u00ednica de est\u00e9tica de Almer\u00eda\",\"publisher\":{\"@id\":\"https:\/\/clinicalovin.com\/#organization\"},\"potentialAction\":[{\"@type\":\"SearchAction\",\"target\":{\"@type\":\"EntryPoint\",\"urlTemplate\":\"https:\/\/clinicalovin.com\/?s={search_term_string}\"},\"query-input\":{\"@type\":\"PropertyValueSpecification\",\"valueRequired\":true,\"valueName\":\"search_term_string\"}}],\"inLanguage\":\"en-GB\"},{\"@type\":\"Organization\",\"@id\":\"https:\/\/clinicalovin.com\/#organization\",\"name\":\"Cl&iacute;nica Lovin\",\"url\":\"https:\/\/clinicalovin.com\/\",\"logo\":{\"@type\":\"ImageObject\",\"inLanguage\":\"en-GB\",\"@id\":\"https:\/\/clinicalovin.com\/#\/schema\/logo\/image\/\",\"url\":\"https:\/\/clinicalovin.com\/wp-content\/uploads\/2023\/06\/cropped-isologo-.png\",\"contentUrl\":\"https:\/\/clinicalovin.com\/wp-content\/uploads\/2023\/06\/cropped-isologo-.png\",\"width\":512,\"height\":512,\"caption\":\"Cl&iacute;nica Lovin\"},\"image\":{\"@id\":\"https:\/\/clinicalovin.com\/#\/schema\/logo\/image\/\"},\"sameAs\":[\"https:\/\/www.instagram.com\/dr_tanialovin\/?hl=es\"]}]}<\/script>\n<!-- \/ Yoast SEO plugin. -->","yoast_head_json":{"title":"\u25b7 Injerto capilar Almer\u00eda - Cl\u00ednica Lovin","description":"Especialistas en injerto capilar en Almer\u00eda. Recupera tu cabello con t\u00e9cnicas avanzadas y m\u00ednimamente invasivas. Resultados naturales.","robots":{"index":"index","follow":"follow","max-snippet":"max-snippet:-1","max-image-preview":"max-image-preview:large","max-video-preview":"max-video-preview:-1"},"canonical":"https:\/\/clinicalovin.com\/en\/capilar\/","og_locale":"en_GB","og_type":"article","og_title":"\u25b7 Injerto capilar Almer\u00eda - Cl\u00ednica Lovin","og_description":"Especialistas en injerto capilar en Almer\u00eda. Recupera tu cabello con t\u00e9cnicas avanzadas y m\u00ednimamente invasivas. Resultados naturales.","og_url":"https:\/\/clinicalovin.com\/en\/capilar\/","og_site_name":"Cl&iacute;nica Lovin","article_modified_time":"2025-08-21T14:41:47+00:00","twitter_card":"summary_large_image","twitter_misc":{"Estimated reading time":"1 minute"},"schema":{"@context":"https:\/\/schema.org","@graph":[{"@type":"WebPage","@id":"https:\/\/clinicalovin.com\/capilar\/","url":"https:\/\/clinicalovin.com\/capilar\/","name":"\u25b7 Injerto capilar Almer\u00eda - Cl\u00ednica Lovin","isPartOf":{"@id":"https:\/\/clinicalovin.com\/#website"},"datePublished":"2023-06-27T14:30:01+00:00","dateModified":"2025-08-21T14:41:47+00:00","description":"Especialistas en injerto capilar en Almer\u00eda. Recupera tu cabello con t\u00e9cnicas avanzadas y m\u00ednimamente invasivas. Resultados naturales.","breadcrumb":{"@id":"https:\/\/clinicalovin.com\/capilar\/#breadcrumb"},"inLanguage":"en-GB","potentialAction":[{"@type":"ReadAction","target":["https:\/\/clinicalovin.com\/capilar\/"]}]},{"@type":"BreadcrumbList","@id":"https:\/\/clinicalovin.com\/capilar\/#breadcrumb","itemListElement":[{"@type":"ListItem","position":1,"name":"Portada","item":"https:\/\/clinicalovin.com\/"},{"@type":"ListItem","position":2,"name":"Capilar"}]},{"@type":"WebSite","@id":"https:\/\/clinicalovin.com\/#website","url":"https:\/\/clinicalovin.com\/","name":"Cl&iacute;nica Lovin","description":"Cl\u00ednica de est\u00e9tica de Almer\u00eda","publisher":{"@id":"https:\/\/clinicalovin.com\/#organization"},"potentialAction":[{"@type":"SearchAction","target":{"@type":"EntryPoint","urlTemplate":"https:\/\/clinicalovin.com\/?s={search_term_string}"},"query-input":{"@type":"PropertyValueSpecification","valueRequired":true,"valueName":"search_term_string"}}],"inLanguage":"en-GB"},{"@type":"Organization","@id":"https:\/\/clinicalovin.com\/#organization","name":"Cl&iacute;nica Lovin","url":"https:\/\/clinicalovin.com\/","logo":{"@type":"ImageObject","inLanguage":"en-GB","@id":"https:\/\/clinicalovin.com\/#\/schema\/logo\/image\/","url":"https:\/\/clinicalovin.com\/wp-content\/uploads\/2023\/06\/cropped-isologo-.png","contentUrl":"https:\/\/clinicalovin.com\/wp-content\/uploads\/2023\/06\/cropped-isologo-.png","width":512,"height":512,"caption":"Cl&iacute;nica Lovin"},"image":{"@id":"https:\/\/clinicalovin.com\/#\/schema\/logo\/image\/"},"sameAs":["https:\/\/www.instagram.com\/dr_tanialovin\/?hl=es"]}]}},"_links":{"self":[{"href":"https:\/\/clinicalovin.com\/en\/wp-json\/wp\/v2\/pages\/231353","targetHints":{"allow":["GET"]}}],"collection":[{"href":"https:\/\/clinicalovin.com\/en\/wp-json\/wp\/v2\/pages"}],"about":[{"href":"https:\/\/clinicalovin.com\/en\/wp-json\/wp\/v2\/types\/page"}],"author":[{"embeddable":true,"href":"https:\/\/clinicalovin.com\/en\/wp-json\/wp\/v2\/users\/2"}],"replies":[{"embeddable":true,"href":"https:\/\/clinicalovin.com\/en\/wp-json\/wp\/v2\/comments?post=231353"}],"version-history":[{"count":0,"href":"https:\/\/clinicalovin.com\/en\/wp-json\/wp\/v2\/pages\/231353\/revisions"}],"wp:attachment":[{"href":"https:\/\/clinicalovin.com\/en\/wp-json\/wp\/v2\/media?parent=231353"}],"curies":[{"name":"wp","href":"https:\/\/api.w.org\/{rel}","templated":true}]}}