{"id":16,"date":"2023-06-05T19:42:36","date_gmt":"2023-06-05T19:42:36","guid":{"rendered":"http:\/\/clinicalovin.com\/?page_id=16"},"modified":"2025-08-21T14:15:12","modified_gmt":"2025-08-21T14:15:12","slug":"nuestra-clinica","status":"publish","type":"page","link":"https:\/\/clinicalovin.com\/en\/nuestra-clinica\/","title":{"rendered":"Nuestra cl\u00ednica"},"content":{"rendered":"[et_pb_section fb_built=\u00bb1&#8243; _builder_version=\u00bb4.21.0&#8243; _module_preset=\u00bbdefault\u00bb background_enable_color=\u00bboff\u00bb use_background_color_gradient=\u00bbon\u00bb background_color_gradient_stops=\u00bb#d3d3d3 0%|rgba(220,164,39,0.75) 99%\u00bb background_image=\u00bbhttps:\/\/clinicalovin.com\/wp-content\/uploads\/2023\/06\/Lovin-Estetica.jpg\u00bb background_blend=\u00bbsoft-light\u00bb min_height=\u00bb100vh\u00bb locked=\u00bboff\u00bb global_colors_info=\u00bb{}\u00bb][et_pb_row column_structure=\u00bb1_3,2_3&#8243; use_custom_gutter=\u00bbon\u00bb gutter_width=\u00bb2&#8243; _builder_version=\u00bb4.21.0&#8243; _module_preset=\u00bbdefault\u00bb background_enable_color=\u00bboff\u00bb global_colors_info=\u00bb{}\u00bb][et_pb_column type=\u00bb1_3&#8243; _builder_version=\u00bb4.21.0&#8243; _module_preset=\u00bbdefault\u00bb global_colors_info=\u00bb{}\u00bb][\/et_pb_column][et_pb_column type=\u00bb2_3&#8243; _builder_version=\u00bb4.21.0&#8243; _module_preset=\u00bbdefault\u00bb background_color=\u00bbrgba(0,0,0,0.82)\u00bb custom_padding=\u00bb30px|30px|30px|30px|true|true\u00bb global_colors_info=\u00bb{}\u00bb][et_pb_text _builder_version=\u00bb4.21.0&#8243; text_font=\u00bb|300|||||||\u00bb text_text_color=\u00bb#DCA427&#8243; text_font_size=\u00bb35px\u00bb header_font=\u00bbPoppins|200||on|||||\u00bb header_text_align=\u00bbcenter\u00bb header_text_color=\u00bb#345B6A\u00bb header_2_font=\u00bb|300||on|||||\u00bb header_2_text_align=\u00bbcenter\u00bb header_2_text_color=\u00bb#ffffff\u00bb header_2_font_size=\u00bb40px\u00bb custom_padding=\u00bb||6px\u00bb hover_enabled=\u00bb0&#8243; header_2_font_size_tablet=\u00bb40px\u00bb header_2_font_size_phone=\u00bb32px\u00bb header_2_font_size_last_edited=\u00bbon|phone\u00bb locked=\u00bboff\u00bb global_colors_info=\u00bb{}\u00bb sticky_enabled=\u00bb0&#8243;]<h1 style=\"text-align: left;\"><span style=\"color: #ffffff;\">Cl\u00ednica LOVIN<\/span><br \/><span style=\"color: #ffffff;\">Tu<strong> centro de est\u00e9tica especializado en Almer\u00eda<\/strong><\/span><\/h1>[\/et_pb_text][et_pb_text _builder_version=\u00bb4.21.0&#8243; text_font=\u00bb||||||||\u00bb text_text_color=\u00bbrgba(255,255,255,0.8)\u00bb text_font_size=\u00bb18px\u00bb header_3_font=\u00bb|300|||||||\u00bb header_3_text_align=\u00bbleft\u00bb header_3_text_color=\u00bb#345B6A\u00bb header_3_font_size=\u00bb30px\u00bb header_3_line_height=\u00bb1.1em\u00bb module_alignment=\u00bbcenter\u00bb locked=\u00bboff\u00bb global_colors_info=\u00bb{}\u00bb]<p>La Cl\u00ednica LOVIN fue fundada en 2008 por la Doctora Tania Lovin bajo los preceptos de la excelencia profesional y del trato humano. Desde el principio, concibi\u00f3 su cl\u00ednica est\u00e9tica como un espacio de bienestar donde la salud y la tranquilidad de los usuarios tiene siempre m\u00e1xima prioridad. Hoy en d\u00eda, nuestro centro de medicina est\u00e9tica en Almer\u00eda es referente en el sector por el \u00e9xito de sus tratamientos y su atenci\u00f3n personalizada.<\/p>\n<p>Nuestro equipo est\u00e1 formado por expertos altamente cualificados con una larga trayectoria en el sector est\u00e9tico. Te garantizamos un trato atento, agradable y discreto. Puedes estar tranquila sabiendo que vas a contar con el asesoramiento de especialistas que saben determinar qu\u00e9 tratamiento es m\u00e1s eficaz adaptado a tu caso.<\/p>\n<p>En nuestra cl\u00ednica de est\u00e9tica especializada te ofrecemos un servicio integral de m\u00e1xima calidad con un trato totalmente individualizado. Podr\u00e1s disfrutar de un par\u00e9ntesis de descanso mientras te pones guapa y te cuidas.<\/p>[\/et_pb_text][\/et_pb_column][\/et_pb_row][\/et_pb_section][et_pb_section fb_built=\u00bb1&#8243; module_id=\u00bbbotox\u00bb _builder_version=\u00bb4.21.0&#8243; background_color=\u00bbrgba(255,252,252,0.89)\u00bb background_image=\u00bbhttps:\/\/clinicalovin.com\/wp-content\/uploads\/2023\/06\/WhatsApp-Image-2023-05-27-at-11.20.20.jpeg\u00bb background_size=\u00bbinitial\u00bb background_position=\u00bbtop_left\u00bb background_horizontal_offset=\u00bb22%\u00bb background_blend=\u00bbsoft-light\u00bb custom_padding=\u00bb5%||5%||false|false\u00bb locked=\u00bboff\u00bb global_colors_info=\u00bb{}\u00bb][et_pb_row column_structure=\u00bb1_2,1_2&#8243; make_equal=\u00bbon\u00bb _builder_version=\u00bb4.21.0&#8243; _module_preset=\u00bbdefault\u00bb global_colors_info=\u00bb{}\u00bb][et_pb_column type=\u00bb1_2&#8243; _builder_version=\u00bb4.21.0&#8243; _module_preset=\u00bbdefault\u00bb global_colors_info=\u00bb{}\u00bb][et_pb_image src=\u00bbhttps:\/\/clinicalovin.com\/wp-content\/uploads\/2023\/06\/WhatsApp-Image-2023-05-27-at-11.20.20.jpeg\u00bb alt=\u00bbLOVIN\u00bb title_text=\u00bbLOVIN\u00bb align_tablet=\u00bbcenter\u00bb align_phone=\u00bbcenter\u00bb align_last_edited=\u00bbon|desktop\u00bb _builder_version=\u00bb4.21.0&#8243; _module_preset=\u00bbdefault\u00bb animation_style=\u00bbslide\u00bb animation_direction=\u00bbleft\u00bb box_shadow_style=\u00bbpreset1&#8243; box_shadow_color=\u00bb#8DC6DD\u00bb global_colors_info=\u00bb{}\u00bb][\/et_pb_image][\/et_pb_column][et_pb_column type=\u00bb1_2&#8243; _builder_version=\u00bb4.21.0&#8243; _module_preset=\u00bbdefault\u00bb custom_css_main_element=\u00bbmargin: auto;\u00bb global_colors_info=\u00bb{}\u00bb][et_pb_text _builder_version=\u00bb4.21.0&#8243; _module_preset=\u00bbdefault\u00bb header_font=\u00bb|300|||||||\u00bb header_text_color=\u00bb#345B6A\u00bb background_enable_color=\u00bboff\u00bb width=\u00bb100%\u00bb width_tablet=\u00bb100%\u00bb width_phone=\u00bb99%\u00bb width_last_edited=\u00bbon|phone\u00bb max_width=\u00bb100%\u00bb max_width_tablet=\u00bb100%\u00bb max_width_phone=\u00bbnone\u00bb max_width_last_edited=\u00bbon|phone\u00bb module_alignment=\u00bbleft\u00bb custom_margin=\u00bb||||false|false\u00bb custom_margin_tablet=\u00bb42px|428px||-130px|false|false\u00bb custom_margin_phone=\u00bb-15px||||false|false\u00bb custom_margin_last_edited=\u00bbon|desktop\u00bb custom_padding=\u00bb11px|30px|11px|30px|true|true\u00bb animation_style=\u00bbfade\u00bb hover_enabled=\u00bb0&#8243; header_font_size_tablet=\u00bb\u00bb header_font_size_phone=\u00bb40px\u00bb header_font_size_last_edited=\u00bbon|phone\u00bb module_alignment_tablet=\u00bbleft\u00bb module_alignment_phone=\u00bbcenter\u00bb module_alignment_last_edited=\u00bbon|phone\u00bb border_width_bottom=\u00bb2px\u00bb border_color_bottom=\u00bb#345B6A\u00bb global_colors_info=\u00bb{}\u00bb max_width__hover_enabled=\u00bboff|desktop\u00bb sticky_enabled=\u00bb0&#8243;]<h2>Doctora Tania Lovin, especializada en medicina est\u00e9tica en Almer\u00eda<\/h2>[\/et_pb_text][et_pb_text _builder_version=\u00bb4.21.0&#8243; _module_preset=\u00bbdefault\u00bb text_font=\u00bb|300|||||||\u00bb text_text_color=\u00bb#345B6A\u00bb text_font_size=\u00bb18px\u00bb animation_style=\u00bbfade\u00bb animation_duration=\u00bb1150ms\u00bb global_colors_info=\u00bb{}\u00bb]<p>La Dra. Tania Lovin es precursora y directora del centro de est\u00e9tica en Almer\u00eda m\u00e1s demandado por las usuarias de la zona oriental de Andaluc\u00eda y ahora en Madrid. Es experta en medicina est\u00e9tica y especialista en tratamientos para cuidar, mantener y revitalizar la piel.<\/p>\n<p>Su filosof\u00eda profesional es la esencia del servicio integral que te ofrecemos en Cl\u00ednica Lovin. Como experta est\u00e9tica y profesional comprometida, lo m\u00e1s importante de su trabajo eres t\u00fa. Siguiendo sus pasos, nos centramos en ti, en tus necesidades y en tus metas de belleza, para ofrecerte un tratamiento exclusivo y 100% eficaz.<\/p>\n<p>&nbsp;<\/p>[\/et_pb_text][\/et_pb_column][\/et_pb_row][\/et_pb_section][et_pb_section fb_built=\u00bb1&#8243; _builder_version=\u00bb4.21.0&#8243; _module_preset=\u00bbdefault\u00bb background_color=\u00bb#345B6A\u00bb locked=\u00bboff\u00bb global_colors_info=\u00bb{}\u00bb][et_pb_row column_structure=\u00bb3_5,2_5&#8243; use_custom_gutter=\u00bbon\u00bb gutter_width=\u00bb2&#8243; make_equal=\u00bbon\u00bb _builder_version=\u00bb4.21.0&#8243; _module_preset=\u00bbdefault\u00bb global_colors_info=\u00bb{}\u00bb][et_pb_column type=\u00bb3_5&#8243; _builder_version=\u00bb4.21.0&#8243; _module_preset=\u00bbdefault\u00bb background_enable_color=\u00bboff\u00bb custom_padding=\u00bb20px|20px|20px|20px|true|true\u00bb global_colors_info=\u00bb{}\u00bb][et_pb_text _builder_version=\u00bb4.21.0&#8243; _module_preset=\u00bbdefault\u00bb header_font=\u00bb|300|||||||\u00bb header_text_color=\u00bb#ffffff\u00bb background_enable_color=\u00bboff\u00bb width=\u00bb100%\u00bb width_tablet=\u00bb100%\u00bb width_phone=\u00bb99%\u00bb width_last_edited=\u00bbon|phone\u00bb max_width=\u00bb100%\u00bb max_width_tablet=\u00bb100%\u00bb max_width_phone=\u00bbnone\u00bb max_width_last_edited=\u00bbon|phone\u00bb module_alignment=\u00bbleft\u00bb custom_margin=\u00bb||||false|false\u00bb custom_margin_tablet=\u00bb42px|428px||-130px|false|false\u00bb custom_margin_phone=\u00bb-15px||||false|false\u00bb custom_margin_last_edited=\u00bbon|desktop\u00bb animation_style=\u00bbfade\u00bb hover_enabled=\u00bb0&#8243; header_font_size_tablet=\u00bb\u00bb header_font_size_phone=\u00bb40px\u00bb header_font_size_last_edited=\u00bbon|phone\u00bb module_alignment_tablet=\u00bbleft\u00bb module_alignment_phone=\u00bbcenter\u00bb module_alignment_last_edited=\u00bbon|phone\u00bb border_width_bottom=\u00bb2px\u00bb border_color_bottom=\u00bb#345B6A\u00bb locked=\u00bboff\u00bb global_colors_info=\u00bb{}\u00bb max_width__hover_enabled=\u00bboff|desktop\u00bb sticky_enabled=\u00bb0&#8243;]<h2><span style=\"color: #f7f7f7;\"><strong>LOVIN<\/strong>, tu cl\u00ednica est\u00e9tica de referencia en Almer\u00eda<\/span><\/h2>[\/et_pb_text][et_pb_text _builder_version=\u00bb4.21.0&#8243; _module_preset=\u00bbdefault\u00bb text_font=\u00bb|300|||||||\u00bb text_text_color=\u00bb#f2f2f2&#8243; text_font_size=\u00bb18px\u00bb custom_padding=\u00bb0px|||||\u00bb animation_style=\u00bbfade\u00bb animation_duration=\u00bb1150ms\u00bb global_colors_info=\u00bb{}\u00bb]<p><strong>\u00bfBuscas un espacio seguro y reconfortante donde dar alas a tu belleza?<\/strong><\/p>\n<p>Lo que nos hace diferentes, nos hace mejores para nuestras clientas, que conf\u00edan plenamente en nuestro trabajo y en nuestros productos. Somos cl\u00ednica de referencia y ofrecemos los mejores tratamientos de est\u00e9tica en Almer\u00eda porque te aseguramos una soluci\u00f3n personalizada con resultados excepcionales.<\/p>\n<p>Seguimos adelante, siempre al tanto sobre las novedades t\u00e9cnicas m\u00e1s efectivas y vanguardistas. La excelencia de nuestro equipo humano y t\u00e9cnico viene dada por la innovaci\u00f3n y por nuestro af\u00e1n por optimizar nuestros servicios.<\/p>\n<p>En Cl\u00ednica Lovin, nuestras usuarias agradecen el trato recibido y la discreci\u00f3n con la que llevamos a cabo cada consulta. Nuestras clientas tambi\u00e9n nos eligen por el car\u00e1cter innovador de nuestros tratamientos y por sus incre\u00edbles resultados. Marcamos la diferencia porque sabemos conocerte como necesitas y darte la soluci\u00f3n que est\u00e1s esperando.<\/p>[\/et_pb_text][\/et_pb_column][et_pb_column type=\u00bb2_5&#8243; _builder_version=\u00bb4.21.0&#8243; _module_preset=\u00bbdefault\u00bb background_enable_color=\u00bboff\u00bb custom_padding=\u00bb20px|20px|20px|20px|true|true\u00bb global_colors_info=\u00bb{}\u00bb][et_pb_gallery gallery_ids=\u00bb231395,231401,231400,231399&#8243; fullwidth=\u00bbon\u00bb _builder_version=\u00bb4.21.0&#8243; _module_preset=\u00bbdefault\u00bb auto=\u00bbon\u00bb border_width_all=\u00bb5px\u00bb border_color_all=\u00bb#8DC6DD\u00bb global_colors_info=\u00bb{}\u00bb][\/et_pb_gallery][\/et_pb_column][\/et_pb_row][et_pb_row column_structure=\u00bb2_5,3_5&#8243; use_custom_gutter=\u00bbon\u00bb gutter_width=\u00bb2&#8243; _builder_version=\u00bb4.21.0&#8243; _module_preset=\u00bbdefault\u00bb background_color=\u00bb#6AA2BF\u00bb global_colors_info=\u00bb{}\u00bb][et_pb_column type=\u00bb2_5&#8243; _builder_version=\u00bb4.21.0&#8243; _module_preset=\u00bbdefault\u00bb background_color=\u00bb#6AA2BF\u00bb custom_padding=\u00bb20px|20px|20px|20px|true|true\u00bb global_colors_info=\u00bb{}\u00bb][et_pb_gallery gallery_ids=\u00bb231398,231397,231402,231394&#8243; fullwidth=\u00bbon\u00bb _builder_version=\u00bb4.21.0&#8243; _module_preset=\u00bbdefault\u00bb border_color_all=\u00bbRGBA(255,255,255,0)\u00bb locked=\u00bboff\u00bb global_colors_info=\u00bb{}\u00bb][\/et_pb_gallery][\/et_pb_column][et_pb_column type=\u00bb3_5&#8243; _builder_version=\u00bb4.21.0&#8243; _module_preset=\u00bbdefault\u00bb background_color=\u00bb#6AA2BF\u00bb custom_padding=\u00bb20px|20px|20px|20px|true|true\u00bb global_colors_info=\u00bb{}\u00bb][et_pb_text _builder_version=\u00bb4.21.0&#8243; _module_preset=\u00bbdefault\u00bb header_font=\u00bb|300|||||||\u00bb header_text_color=\u00bb#ffffff\u00bb background_enable_color=\u00bboff\u00bb width=\u00bb100%\u00bb width_tablet=\u00bb100%\u00bb width_phone=\u00bb99%\u00bb width_last_edited=\u00bbon|phone\u00bb max_width=\u00bb100%\u00bb max_width_tablet=\u00bb100%\u00bb max_width_phone=\u00bbnone\u00bb max_width_last_edited=\u00bbon|phone\u00bb module_alignment=\u00bbleft\u00bb custom_margin=\u00bb||||false|false\u00bb custom_margin_tablet=\u00bb42px|428px||-130px|false|false\u00bb custom_margin_phone=\u00bb-15px||||false|false\u00bb custom_margin_last_edited=\u00bbon|desktop\u00bb animation_style=\u00bbfade\u00bb hover_enabled=\u00bb0&#8243; header_font_size_tablet=\u00bb\u00bb header_font_size_phone=\u00bb40px\u00bb header_font_size_last_edited=\u00bbon|phone\u00bb module_alignment_tablet=\u00bbleft\u00bb module_alignment_phone=\u00bbcenter\u00bb module_alignment_last_edited=\u00bbon|phone\u00bb border_width_bottom=\u00bb2px\u00bb border_color_bottom=\u00bb#345B6A\u00bb locked=\u00bboff\u00bb global_colors_info=\u00bb{}\u00bb max_width__hover_enabled=\u00bboff|desktop\u00bb custom_padding__hover_enabled=\u00bboff|desktop\u00bb sticky_enabled=\u00bb0&#8243;]<h2><span style=\"color: #ffffff;\"><strong>Especialistas<\/strong> en maximizar tu belleza<\/span><\/h2>[\/et_pb_text][et_pb_text _builder_version=\u00bb4.21.0&#8243; _module_preset=\u00bbdefault\u00bb text_font=\u00bb|300|||||||\u00bb text_text_color=\u00bb#ffffff\u00bb text_font_size=\u00bb18px\u00bb custom_padding=\u00bb0px|||||\u00bb animation_style=\u00bbfade\u00bb animation_duration=\u00bb1150ms\u00bb global_colors_info=\u00bb{}\u00bb]<p>En Cl\u00ednica Lovin somos especialistas en soluciones faciales y corporales. Para el rostro, trabajamos con toxina botul\u00ednica, relleno de \u00e1cido hialur\u00f3nico y realizamos retensado con hilos tensores. Para el cuerpo, llevamos a cabo tratamientos de radiofrecuencia y estimulaci\u00f3n muscular.<\/p>\n<p>Ded\u00edcate un momento de calidad y revisa nuestra amplia oferta de tratamientos. En tu centro de belleza, Cl\u00ednica Lovin, cuentas con la cercan\u00eda y la excelencia del mejor equipo de medicina est\u00e9tica de Almer\u00eda.<\/p>[\/et_pb_text][\/et_pb_column][\/et_pb_row][\/et_pb_section]","protected":false},"excerpt":{"rendered":"<p>Cl\u00ednica LOVINTu centro de est\u00e9tica especializado en Almer\u00edaLa Cl\u00ednica LOVIN fue fundada en 2008 por la Doctora Tania Lovin bajo los preceptos de la excelencia profesional y del trato humano. Desde el principio, concibi\u00f3 su cl\u00ednica est\u00e9tica como un espacio de bienestar donde la salud y la tranquilidad de los usuarios tiene siempre m\u00e1xima prioridad. [&hellip;]<\/p>","protected":false},"author":2,"featured_media":0,"parent":0,"menu_order":0,"comment_status":"closed","ping_status":"closed","template":"","meta":{"_et_pb_use_builder":"on","_et_pb_old_content":"","_et_gb_content_width":"","om_disable_all_campaigns":false,"_monsterinsights_skip_tracking":false,"_monsterinsights_sitenote_active":false,"_monsterinsights_sitenote_note":"","_monsterinsights_sitenote_category":0,"_uf_show_specific_survey":0,"_uf_disable_surveys":false,"footnotes":""},"class_list":["post-16","page","type-page","status-publish","hentry"],"yoast_head":"<!-- This site is optimized with the Yoast SEO plugin v25.7 - https:\/\/yoast.com\/wordpress\/plugins\/seo\/ -->\n<title>\u25b7 Centro de est\u00e9tica Almer\u00eda - Cl\u00ednica Lovin<\/title>\n<meta name=\"description\" content=\"Cl\u00ednica Lovin, tu centro de est\u00e9tica en Almer\u00eda con instalaciones modernas y profesionales expertos. Ofrecemos tratamientos personalizados.\" \/>\n<meta name=\"robots\" content=\"index, follow, max-snippet:-1, max-image-preview:large, max-video-preview:-1\" \/>\n<link rel=\"canonical\" href=\"https:\/\/clinicalovin.com\/en\/nuestra-clinica\/\" \/>\n<meta property=\"og:locale\" content=\"en_GB\" \/>\n<meta property=\"og:type\" content=\"article\" \/>\n<meta property=\"og:title\" content=\"\u25b7 Centro de est\u00e9tica Almer\u00eda - Cl\u00ednica Lovin\" \/>\n<meta property=\"og:description\" content=\"Cl\u00ednica Lovin, tu centro de est\u00e9tica en Almer\u00eda con instalaciones modernas y profesionales expertos. Ofrecemos tratamientos personalizados.\" \/>\n<meta property=\"og:url\" content=\"https:\/\/clinicalovin.com\/en\/nuestra-clinica\/\" \/>\n<meta property=\"og:site_name\" content=\"Cl&iacute;nica Lovin\" \/>\n<meta property=\"article:modified_time\" content=\"2025-08-21T14:15:12+00:00\" \/>\n<meta name=\"twitter:card\" content=\"summary_large_image\" \/>\n<meta name=\"twitter:label1\" content=\"Estimated reading time\" \/>\n\t<meta name=\"twitter:data1\" content=\"5 minutes\" \/>\n<script type=\"application\/ld+json\" class=\"yoast-schema-graph\">{\"@context\":\"https:\/\/schema.org\",\"@graph\":[{\"@type\":\"WebPage\",\"@id\":\"https:\/\/clinicalovin.com\/nuestra-clinica\/\",\"url\":\"https:\/\/clinicalovin.com\/nuestra-clinica\/\",\"name\":\"\u25b7 Centro de est\u00e9tica Almer\u00eda - Cl\u00ednica Lovin\",\"isPartOf\":{\"@id\":\"https:\/\/clinicalovin.com\/#website\"},\"datePublished\":\"2023-06-05T19:42:36+00:00\",\"dateModified\":\"2025-08-21T14:15:12+00:00\",\"description\":\"Cl\u00ednica Lovin, tu centro de est\u00e9tica en Almer\u00eda con instalaciones modernas y profesionales expertos. Ofrecemos tratamientos personalizados.\",\"breadcrumb\":{\"@id\":\"https:\/\/clinicalovin.com\/nuestra-clinica\/#breadcrumb\"},\"inLanguage\":\"en-GB\",\"potentialAction\":[{\"@type\":\"ReadAction\",\"target\":[\"https:\/\/clinicalovin.com\/nuestra-clinica\/\"]}]},{\"@type\":\"BreadcrumbList\",\"@id\":\"https:\/\/clinicalovin.com\/nuestra-clinica\/#breadcrumb\",\"itemListElement\":[{\"@type\":\"ListItem\",\"position\":1,\"name\":\"Portada\",\"item\":\"https:\/\/clinicalovin.com\/\"},{\"@type\":\"ListItem\",\"position\":2,\"name\":\"Nuestra cl\u00ednica\"}]},{\"@type\":\"WebSite\",\"@id\":\"https:\/\/clinicalovin.com\/#website\",\"url\":\"https:\/\/clinicalovin.com\/\",\"name\":\"Cl&iacute;nica Lovin\",\"description\":\"Cl\u00ednica de est\u00e9tica de Almer\u00eda\",\"publisher\":{\"@id\":\"https:\/\/clinicalovin.com\/#organization\"},\"potentialAction\":[{\"@type\":\"SearchAction\",\"target\":{\"@type\":\"EntryPoint\",\"urlTemplate\":\"https:\/\/clinicalovin.com\/?s={search_term_string}\"},\"query-input\":{\"@type\":\"PropertyValueSpecification\",\"valueRequired\":true,\"valueName\":\"search_term_string\"}}],\"inLanguage\":\"en-GB\"},{\"@type\":\"Organization\",\"@id\":\"https:\/\/clinicalovin.com\/#organization\",\"name\":\"Cl&iacute;nica Lovin\",\"url\":\"https:\/\/clinicalovin.com\/\",\"logo\":{\"@type\":\"ImageObject\",\"inLanguage\":\"en-GB\",\"@id\":\"https:\/\/clinicalovin.com\/#\/schema\/logo\/image\/\",\"url\":\"https:\/\/clinicalovin.com\/wp-content\/uploads\/2023\/06\/cropped-isologo-.png\",\"contentUrl\":\"https:\/\/clinicalovin.com\/wp-content\/uploads\/2023\/06\/cropped-isologo-.png\",\"width\":512,\"height\":512,\"caption\":\"Cl&iacute;nica Lovin\"},\"image\":{\"@id\":\"https:\/\/clinicalovin.com\/#\/schema\/logo\/image\/\"},\"sameAs\":[\"https:\/\/www.instagram.com\/dr_tanialovin\/?hl=es\"]}]}<\/script>\n<!-- \/ Yoast SEO plugin. -->","yoast_head_json":{"title":"\u25b7 Centro de est\u00e9tica Almer\u00eda - Cl\u00ednica Lovin","description":"Cl\u00ednica Lovin, tu centro de est\u00e9tica en Almer\u00eda con instalaciones modernas y profesionales expertos. Ofrecemos tratamientos personalizados.","robots":{"index":"index","follow":"follow","max-snippet":"max-snippet:-1","max-image-preview":"max-image-preview:large","max-video-preview":"max-video-preview:-1"},"canonical":"https:\/\/clinicalovin.com\/en\/nuestra-clinica\/","og_locale":"en_GB","og_type":"article","og_title":"\u25b7 Centro de est\u00e9tica Almer\u00eda - Cl\u00ednica Lovin","og_description":"Cl\u00ednica Lovin, tu centro de est\u00e9tica en Almer\u00eda con instalaciones modernas y profesionales expertos. Ofrecemos tratamientos personalizados.","og_url":"https:\/\/clinicalovin.com\/en\/nuestra-clinica\/","og_site_name":"Cl&iacute;nica Lovin","article_modified_time":"2025-08-21T14:15:12+00:00","twitter_card":"summary_large_image","twitter_misc":{"Estimated reading time":"5 minutes"},"schema":{"@context":"https:\/\/schema.org","@graph":[{"@type":"WebPage","@id":"https:\/\/clinicalovin.com\/nuestra-clinica\/","url":"https:\/\/clinicalovin.com\/nuestra-clinica\/","name":"\u25b7 Centro de est\u00e9tica Almer\u00eda - Cl\u00ednica Lovin","isPartOf":{"@id":"https:\/\/clinicalovin.com\/#website"},"datePublished":"2023-06-05T19:42:36+00:00","dateModified":"2025-08-21T14:15:12+00:00","description":"Cl\u00ednica Lovin, tu centro de est\u00e9tica en Almer\u00eda con instalaciones modernas y profesionales expertos. Ofrecemos tratamientos personalizados.","breadcrumb":{"@id":"https:\/\/clinicalovin.com\/nuestra-clinica\/#breadcrumb"},"inLanguage":"en-GB","potentialAction":[{"@type":"ReadAction","target":["https:\/\/clinicalovin.com\/nuestra-clinica\/"]}]},{"@type":"BreadcrumbList","@id":"https:\/\/clinicalovin.com\/nuestra-clinica\/#breadcrumb","itemListElement":[{"@type":"ListItem","position":1,"name":"Portada","item":"https:\/\/clinicalovin.com\/"},{"@type":"ListItem","position":2,"name":"Nuestra cl\u00ednica"}]},{"@type":"WebSite","@id":"https:\/\/clinicalovin.com\/#website","url":"https:\/\/clinicalovin.com\/","name":"Cl&iacute;nica Lovin","description":"Cl\u00ednica de est\u00e9tica de Almer\u00eda","publisher":{"@id":"https:\/\/clinicalovin.com\/#organization"},"potentialAction":[{"@type":"SearchAction","target":{"@type":"EntryPoint","urlTemplate":"https:\/\/clinicalovin.com\/?s={search_term_string}"},"query-input":{"@type":"PropertyValueSpecification","valueRequired":true,"valueName":"search_term_string"}}],"inLanguage":"en-GB"},{"@type":"Organization","@id":"https:\/\/clinicalovin.com\/#organization","name":"Cl&iacute;nica Lovin","url":"https:\/\/clinicalovin.com\/","logo":{"@type":"ImageObject","inLanguage":"en-GB","@id":"https:\/\/clinicalovin.com\/#\/schema\/logo\/image\/","url":"https:\/\/clinicalovin.com\/wp-content\/uploads\/2023\/06\/cropped-isologo-.png","contentUrl":"https:\/\/clinicalovin.com\/wp-content\/uploads\/2023\/06\/cropped-isologo-.png","width":512,"height":512,"caption":"Cl&iacute;nica Lovin"},"image":{"@id":"https:\/\/clinicalovin.com\/#\/schema\/logo\/image\/"},"sameAs":["https:\/\/www.instagram.com\/dr_tanialovin\/?hl=es"]}]}},"_links":{"self":[{"href":"https:\/\/clinicalovin.com\/en\/wp-json\/wp\/v2\/pages\/16","targetHints":{"allow":["GET"]}}],"collection":[{"href":"https:\/\/clinicalovin.com\/en\/wp-json\/wp\/v2\/pages"}],"about":[{"href":"https:\/\/clinicalovin.com\/en\/wp-json\/wp\/v2\/types\/page"}],"author":[{"embeddable":true,"href":"https:\/\/clinicalovin.com\/en\/wp-json\/wp\/v2\/users\/2"}],"replies":[{"embeddable":true,"href":"https:\/\/clinicalovin.com\/en\/wp-json\/wp\/v2\/comments?post=16"}],"version-history":[{"count":0,"href":"https:\/\/clinicalovin.com\/en\/wp-json\/wp\/v2\/pages\/16\/revisions"}],"wp:attachment":[{"href":"https:\/\/clinicalovin.com\/en\/wp-json\/wp\/v2\/media?parent=16"}],"curies":[{"name":"wp","href":"https:\/\/api.w.org\/{rel}","templated":true}]}}